{"id":1285,"date":"2019-07-16T09:59:32","date_gmt":"2019-07-16T07:59:32","guid":{"rendered":"http:\/\/sotrafageo.com\/?page_id=1285"},"modified":"2024-02-29T13:44:48","modified_gmt":"2024-02-29T12:44:48","slug":"sotrafa","status":"publish","type":"page","link":"https:\/\/sotrafageo.com\/en\/","title":{"rendered":"Geomembranes and geosynthetics | Sotrafa"},"content":{"rendered":"<div class=\"wpb-content-wrapper\"><p>[vc_row full_width=&#8221;stretch_row_content_no_spaces&#8221; full_height=&#8221;yes&#8221;][vc_column][vc_video link=&#8221;https:\/\/youtu.be\/JzA-medO28Y&#8221; align=&#8221;center&#8221;][\/vc_column][\/vc_row][vc_row full_width=&#8221;stretch_row_content_no_spaces&#8221; background_color=&#8221;custom_color&#8221; lg_spacing=&#8221;padding_right:0;padding_left:0&#8243; md_spacing=&#8221;padding_right:0;padding_left:0&#8243; sm_spacing=&#8221;padding_right:0;padding_left:0&#8243; xs_spacing=&#8221;padding_right:0;padding_left:0&#8243; custom_background_color=&#8221;#f39427&#8243;][vc_column width=&#8221;1\/2&#8243;][vc_single_image image=&#8221;35&#8243; img_size=&#8221;full&#8221; alignment=&#8221;center&#8221; full_width=&#8221;true&#8221;][\/vc_column][vc_column width=&#8221;1\/2&#8243;][vc_column_text css=&#8221;.vc_custom_1633519036606{padding-right: 30px !important;padding-left: 30px !important;}&#8221;]<\/p>\n<h1><strong>GEOSYNTHETICS AND GEOMEMBRANES<br \/>\nSOTRAFA<\/strong><\/h1>\n<h2>At Sotrafa we are experts in the manufacture of geomembranes and all types of geosynthetics<\/h2>\n<p>[\/vc_column_text][\/vc_column][\/vc_row][vc_row full_width=&#8221;stretch_row_content_no_spaces&#8221; equal_height=&#8221;yes&#8221; lg_spacing=&#8221;margin_top:0;margin_bottom:0;border_top:0;border_bottom:0;padding_top:0;padding_right:0;padding_bottom:0&#8243; el_id=&#8221;stk-home-icons&#8221;][vc_column width=&#8221;1\/2&#8243;][vc_row_inner][vc_column_inner width=&#8221;1\/3&#8243;][\/vc_column_inner][vc_column_inner width=&#8221;1\/3&#8243;][vc_single_image image=&#8221;63&#8243; img_size=&#8221;75&#215;75&#8243;][vc_column_text]<strong>Quality products<\/strong><\/p>\n<p>Our goal is twofold: to contribute to agricultural development while caring for and protecting the environment.[\/vc_column_text][\/vc_column_inner][vc_column_inner width=&#8221;1\/3&#8243;][vc_single_image image=&#8221;66&#8243; img_size=&#8221;75&#215;75&#8243;][vc_column_text]<strong>A committed team<\/strong><\/p>\n<p style=\"font-size: 12px;\">Our objective is the continual improvement of all our processes, products and services.<\/p>\n<p>[\/vc_column_text][\/vc_column_inner][\/vc_row_inner][vc_row_inner][vc_column_inner width=&#8221;1\/3&#8243;][\/vc_column_inner][vc_column_inner width=&#8221;1\/3&#8243;][vc_single_image image=&#8221;64&#8243; img_size=&#8221;75&#215;75&#8243;][vc_column_text]<strong>Manufacturing<\/strong><\/p>\n<p style=\"font-size: 12px; margin-right: 30px;\">Our commitment to technology enables us to improve efficiency and quality while better protecting the environment.<\/p>\n<p>[\/vc_column_text][\/vc_column_inner][vc_column_inner width=&#8221;1\/3&#8243;][vc_single_image image=&#8221;65&#8243; img_size=&#8221;75&#215;75&#8243;][vc_column_text]<strong>Facilities<\/strong><\/p>\n<p style=\"font-size: 12px;\">Our factory was the first to be installed in the western zone. Since then the quality and variety of our products have significantly increased.<\/p>\n<p>[\/vc_column_text][\/vc_column_inner][\/vc_row_inner][\/vc_column][vc_column width=&#8221;1\/2&#8243; background_image=&#8221;46&#8243;][\/vc_column][\/vc_row][vc_row full_width=&#8221;stretch_row_content_no_spaces&#8221; equal_height=&#8221;yes&#8221; lg_spacing=&#8221;margin_top:0;margin_bottom:0;border_top:0;border_bottom:0;padding_top:0;padding_right:0;padding_bottom:0&#8243; el_id=&#8221;stk-home-icons-responsive&#8221;][vc_column][vc_row_inner][vc_column_inner width=&#8221;1\/2&#8243;][vc_single_image image=&#8221;63&#8243; img_size=&#8221;100&#215;100&#8243; alignment=&#8221;center&#8221;][vc_column_text]<\/p>\n<p style=\"text-align: center;\"><strong>Quality products<\/strong><\/p>\n<p style=\"text-align: center;\">Our goal is twofold: to contribute to agricultural development while caring for and protecting the environment.<\/p>\n<p>[\/vc_column_text][\/vc_column_inner][vc_column_inner width=&#8221;1\/2&#8243;][vc_single_image image=&#8221;66&#8243; img_size=&#8221;100&#215;100&#8243; alignment=&#8221;center&#8221;][vc_column_text]<\/p>\n<p style=\"text-align: center;\"><strong>A committed team<\/strong><\/p>\n<p style=\"font-size: 12px; text-align: center;\">Our objective is the continual improvement of all our processes, products and services.<\/p>\n<p>[\/vc_column_text][\/vc_column_inner][\/vc_row_inner][vc_row_inner][vc_column_inner width=&#8221;1\/2&#8243;][vc_single_image image=&#8221;64&#8243; img_size=&#8221;100&#215;100&#8243; alignment=&#8221;center&#8221;][vc_column_text]<\/p>\n<p style=\"text-align: center;\"><strong>Manufacturing<\/strong><\/p>\n<p style=\"font-size: 12px; margin-right: 30px; text-align: center;\">Our commitment to technology enables us to improve efficiency and quality while better protecting the environment.<\/p>\n<p>[\/vc_column_text][\/vc_column_inner][vc_column_inner width=&#8221;1\/2&#8243;][vc_single_image image=&#8221;65&#8243; img_size=&#8221;100&#215;100&#8243; alignment=&#8221;center&#8221;][vc_column_text]<\/p>\n<p style=\"text-align: center;\"><strong>Facilities<\/strong><\/p>\n<p style=\"font-size: 12px; text-align: center;\">Our factory was the first to be installed in the western zone (Should we say first to be installed in Western Europe?). Since then the quality and variety of our products have significantly increased.<\/p>\n<p>[\/vc_column_text][\/vc_column_inner][\/vc_row_inner][vc_row_inner][vc_column_inner][vc_single_image image=&#8221;46&#8243; img_size=&#8221;full&#8221; alignment=&#8221;center&#8221; full_width=&#8221;true&#8221;][\/vc_column_inner][\/vc_row_inner][\/vc_column][\/vc_row][vc_row full_width=&#8221;stretch_row_content_no_spaces&#8221; lg_spacing=&#8221;padding_right:0;padding_left:0&#8243; md_spacing=&#8221;padding_right:0;padding_left:0&#8243; sm_spacing=&#8221;padding_right:0;padding_left:0&#8243; xs_spacing=&#8221;padding_right:0;padding_left:0&#8243; background_image=&#8221;93&#8243;][vc_column][vc_column_text css=&#8221;.vc_custom_1563268777232{padding-top: 10% !important;padding-right: 20% !important;padding-bottom: 10% !important;padding-left: 20% !important;}&#8221;]<\/p>\n<p style=\"text-align: center;\"><span style=\"color: #ffffff;\">Our aim is not merely to comply with our legal obligations, but to strive towards a better future for everyone, for our customers, for our employees, and for society as a whole.<\/span><\/p>\n<p style=\"text-align: center; color: #ffffff;\"><span style=\"color: #ffffff;\">Jos\u00e9 Ram\u00f3n \u00c1lvarez Ribalaygua<\/span><\/p>\n<p>[\/vc_column_text][\/vc_column][\/vc_row][vc_row el_class=&#8221;stk-countdown&#8221; el_id=&#8221;stk-row-countdown&#8221;][vc_column width=&#8221;1\/5&#8243;][\/vc_column][vc_column width=&#8221;1\/5&#8243; el_class=&#8221;stk-countdown&#8221;][vc_empty_space height=&#8221;30px&#8221;][tm_counter skin=&#8221;light&#8221; el_class=&#8221;stk-countdown-text&#8221; number=&#8221;2147&#8243; number_prefix=&#8221;+&#8221; text=&#8221;Satisfied customers&#8221;][vc_empty_space height=&#8221;30px&#8221;][\/vc_column][vc_column width=&#8221;1\/5&#8243;][vc_empty_space height=&#8221;30px&#8221;][tm_counter skin=&#8221;light&#8221; el_class=&#8221;stk-countdown-text&#8221; number=&#8221;408&#8243; text=&#8221;Projects&#8221;][vc_empty_space height=&#8221;30px&#8221;][\/vc_column][vc_column width=&#8221;1\/5&#8243;][vc_empty_space height=&#8221;30px&#8221;][tm_counter skin=&#8221;light&#8221; el_class=&#8221;stk-countdown-text&#8221; number=&#8221;17&#8243; text=&#8221;Projects&#8221;][vc_empty_space height=&#8221;30px&#8221;][\/vc_column][vc_column width=&#8221;1\/5&#8243;][\/vc_column][\/vc_row][vc_row][vc_column][vc_empty_space height=&#8221;50px&#8221;][\/vc_column][\/vc_row][vc_row full_width=&#8221;stretch_row_content_no_spaces&#8221; lg_spacing=&#8221;padding_right:0;padding_left:0&#8243; md_spacing=&#8221;padding_right:0;padding_left:0&#8243; sm_spacing=&#8221;padding_right:0;padding_left:0&#8243; xs_spacing=&#8221;padding_right:0;padding_left:0&#8243; background_image=&#8221;117&#8243;][vc_column][vc_column_text css=&#8221;.vc_custom_1709210597650{padding-top: 5% !important;padding-right: 20% !important;padding-bottom: 5% !important;padding-left: 20% !important;}&#8221;]<\/p>\n<h2 style=\"text-align: center; color: #144759; font-weight: bold;\">OUR BLOG<\/h2>\n<p style=\"text-align: center; color: #ffffff; font-size: 50px;\">Last News<\/p>\n<p>[\/vc_column_text][\/vc_column][\/vc_row][vc_row full_width=&#8221;stretch_row_content_no_spaces&#8221; el_id=&#8221;stk-display-blog-items&#8221;][vc_column][tm_blog style=&#8221;2&#8243; gutter=&#8221;30&#8243; el_class=&#8221;stk-blog-styles&#8221; number=&#8221;4&#8243; columns=&#8221;xs:1;sm:2;lg:4&#8243;][\/vc_column][\/vc_row][vc_row][vc_column][vc_raw_html]JTNDZGl2JTIwY2xhc3MlM0QlMjJwb3N0LXJlYWQtbW9yZSUyMiUyMHN0eWxlJTIwJTNEJTIwJTIydGV4dC1hbGlnbiUzQSUyMGNlbnRlciUyMiUzRSUwQSUzQ2ElMjBjbGFzcyUzRCUyMnRtLWJ1dHRvbiUyMHN0eWxlLTMlMjB0bS1idXR0b24tZGVmYXVsdCUyMHRtLWJ1dHRvbi1sZyUyMiUyMGhyZWYlM0QlMjIlMkZlbiUyRm5ld3MlMjIlM0UlMEElMjAlMjAlMjAlM0NzcGFuJTNFQWxsJTNDJTJGc3BhbiUzRSUwQSUzQyUyRmElM0UlMEElM0MlMkZkaXYlM0U=[\/vc_raw_html][\/vc_column][\/vc_row]<\/p>\n<\/div>","protected":false},"excerpt":{"rendered":"[vc_row full_width=&#8221;stretch_row_content_no_spaces&#8221; full_height=&#8221;yes&#8221;][vc_column][vc_video link=&#8221;https:\/\/youtu.be\/JzA-medO28Y&#8221; align=&#8221;center&#8221;][\/vc_column][\/vc_row][vc_row full_width=&#8221;stretch_row_content_no_spaces&#8221; background_color=&#8221;custom_color&#8221; lg_spacing=&#8221;padding_right:0;padding_left:0&#8243; md_spacing=&#8221;padding_right:0;padding_left:0&#8243; sm_spacing=&#8221;padding_right:0;padding_left:0&#8243; xs_spacing=&#8221;padding_right:0;padding_left:0&#8243; custom_background_color=&#8221;#f39427&#8243;][vc_column width=&#8221;1\/2&#8243;][vc_single_image image=&#8221;35&#8243; img_size=&#8221;full&#8221; alignment=&#8221;center&#8221; full_width=&#8221;true&#8221;][\/vc_column][vc_column width=&#8221;1\/2&#8243;][vc_column_text css=&#8221;.vc_custom_1633519036606{padding-right: 30px !important;padding-left: 30px !important;}&#8221;] GEOSYNTHETICS AND GEOMEMBRANES SOTRAFA At Sotrafa we are experts in the manufacture of geomembranes and all types of geosynthetics [\/vc_column_text][\/vc_column][\/vc_row][vc_row full_width=&#8221;stretch_row_content_no_spaces&#8221; equal_height=&#8221;yes&#8221; lg_spacing=&#8221;margin_top:0;margin_bottom:0;border_top:0;border_bottom:0;padding_top:0;padding_right:0;padding_bottom:0&#8243; el_id=&#8221;stk-home-icons&#8221;][vc_column width=&#8221;1\/2&#8243;][vc_row_inner][vc_column_inner width=&#8221;1\/3&#8243;][\/vc_column_inner][vc_column_inner width=&#8221;1\/3&#8243;][vc_single_image image=&#8221;63&#8243; img_size=&#8221;75&#215;75&#8243;][vc_column_text]Quality products Our goal is twofold: to contribute to agricultural development while caring for and protecting the environment.[\/vc_column_text][\/vc_column_inner][vc_column_inner width=&#8221;1\/3&#8243;][vc_single_image image=&#8221;66&#8243; img_size=&#8221;75&#215;75&#8243;][vc_column_text]A committed team Our objective is the continual improvement of all our processes, products and services. [\/vc_column_text][\/vc_column_inner][\/vc_row_inner][vc_row_inner][vc_column_inner width=&#8221;1\/3&#8243;][\/vc_column_inner][vc_column_inner width=&#8221;1\/3&#8243;][vc_single_image image=&#8221;64&#8243; img_size=&#8221;75&#215;75&#8243;][vc_column_text]Manufacturing Our commitment to technology enables us to improve efficiency and quality while better protecting the environment. [\/vc_column_text][\/vc_column_inner][vc_column_inner width=&#8221;1\/3&#8243;][vc_single_image image=&#8221;65&#8243; img_size=&#8221;75&#215;75&#8243;][vc_column_text]Facilities Our factory was the first to be installed in the western zone. Since then the quality and variety of our products have significantly increased. [\/vc_column_text][\/vc_column_inner][\/vc_row_inner][\/vc_column][vc_column width=&#8221;1\/2&#8243; background_image=&#8221;46&#8243;][\/vc_column][\/vc_row][vc_row full_width=&#8221;stretch_row_content_no_spaces&#8221; equal_height=&#8221;yes&#8221; lg_spacing=&#8221;margin_top:0;margin_bottom:0;border_top:0;border_bottom:0;padding_top:0;padding_right:0;padding_bottom:0&#8243; el_id=&#8221;stk-home-icons-responsive&#8221;][vc_column][vc_row_inner][vc_column_inner width=&#8221;1\/2&#8243;][vc_single_image image=&#8221;63&#8243; img_size=&#8221;100&#215;100&#8243; alignment=&#8221;center&#8221;][vc_column_text] Quality products Our goal is twofold: to contribute to agricultural development while caring for and protecting the environment. [\/vc_column_text][\/vc_column_inner][vc_column_inner width=&#8221;1\/2&#8243;][vc_single_image image=&#8221;66&#8243; img_size=&#8221;100&#215;100&#8243; alignment=&#8221;center&#8221;][vc_column_text] A committed team Our objective is the continual improvement of all our processes, products and services. [\/vc_column_text][\/vc_column_inner][\/vc_row_inner][vc_row_inner][vc_column_inner width=&#8221;1\/2&#8243;][vc_single_image image=&#8221;64&#8243; img_size=&#8221;100&#215;100&#8243; alignment=&#8221;center&#8221;][vc_column_text] Manufacturing Our commitment to technology enables us to improve efficiency and quality while better protecting the environment. [\/vc_column_text][\/vc_column_inner][vc_column_inner width=&#8221;1\/2&#8243;][vc_single_image image=&#8221;65&#8243; img_size=&#8221;100&#215;100&#8243; alignment=&#8221;center&#8221;][vc_column_text] Facilities Our factory was the first to be installed in the western zone (Should we say first to be installed in Western Europe?). Since then the quality and variety of our products have significantly increased. [\/vc_column_text][\/vc_column_inner][\/vc_row_inner][vc_row_inner][vc_column_inner][vc_single_image image=&#8221;46&#8243; img_size=&#8221;full&#8221; alignment=&#8221;center&#8221; full_width=&#8221;true&#8221;][\/vc_column_inner][\/vc_row_inner][\/vc_column][\/vc_row][vc_row full_width=&#8221;stretch_row_content_no_spaces&#8221; lg_spacing=&#8221;padding_right:0;padding_left:0&#8243; md_spacing=&#8221;padding_right:0;padding_left:0&#8243; sm_spacing=&#8221;padding_right:0;padding_left:0&#8243; xs_spacing=&#8221;padding_right:0;padding_left:0&#8243; background_image=&#8221;93&#8243;][vc_column][vc_column_text css=&#8221;.vc_custom_1563268777232{padding-top: 10% !important;padding-right: 20% !important;padding-bottom: 10% !important;padding-left: 20% !important;}&#8221;] Our aim is not merely to comply with our legal obligations, but to strive towards a better future for everyone, for our customers, for our employees, and for society as a whole. Jos\u00e9 Ram\u00f3n \u00c1lvarez Ribalaygua [\/vc_column_text][\/vc_column][\/vc_row][vc_row el_class=&#8221;stk-countdown&#8221; el_id=&#8221;stk-row-countdown&#8221;][vc_column width=&#8221;1\/5&#8243;][\/vc_column][vc_column width=&#8221;1\/5&#8243; el_class=&#8221;stk-countdown&#8221;][vc_empty_space height=&#8221;30px&#8221;][tm_counter skin=&#8221;light&#8221; el_class=&#8221;stk-countdown-text&#8221; number=&#8221;2147&#8243; number_prefix=&#8221;+&#8221; text=&#8221;Satisfied customers&#8221;][vc_empty_space height=&#8221;30px&#8221;][\/vc_column][vc_column width=&#8221;1\/5&#8243;][vc_empty_space height=&#8221;30px&#8221;][tm_counter skin=&#8221;light&#8221; el_class=&#8221;stk-countdown-text&#8221; number=&#8221;408&#8243; text=&#8221;Projects&#8221;][vc_empty_space height=&#8221;30px&#8221;][\/vc_column][vc_column width=&#8221;1\/5&#8243;][vc_empty_space height=&#8221;30px&#8221;][tm_counter skin=&#8221;light&#8221; el_class=&#8221;stk-countdown-text&#8221; number=&#8221;17&#8243; text=&#8221;Projects&#8221;][vc_empty_space height=&#8221;30px&#8221;][\/vc_column][vc_column width=&#8221;1\/5&#8243;][\/vc_column][\/vc_row][vc_row][vc_column][vc_empty_space height=&#8221;50px&#8221;][\/vc_column][\/vc_row][vc_row full_width=&#8221;stretch_row_content_no_spaces&#8221; lg_spacing=&#8221;padding_right:0;padding_left:0&#8243; md_spacing=&#8221;padding_right:0;padding_left:0&#8243; sm_spacing=&#8221;padding_right:0;padding_left:0&#8243; xs_spacing=&#8221;padding_right:0;padding_left:0&#8243; background_image=&#8221;117&#8243;][vc_column][vc_column_text css=&#8221;.vc_custom_1709210597650{padding-top: 5% !important;padding-right: 20% !important;padding-bottom: 5% !important;padding-left: 20% !important;}&#8221;] OUR BLOG Last News [\/vc_column_text][\/vc_column][\/vc_row][vc_row full_width=&#8221;stretch_row_content_no_spaces&#8221; el_id=&#8221;stk-display-blog-items&#8221;][vc_column][tm_blog style=&#8221;2&#8243; gutter=&#8221;30&#8243; el_class=&#8221;stk-blog-styles&#8221; number=&#8221;4&#8243; columns=&#8221;xs:1;sm:2;lg:4&#8243;][\/vc_column][\/vc_row][vc_row][vc_column][vc_raw_html]JTNDZGl2JTIwY2xhc3MlM0QlMjJwb3N0LXJlYWQtbW9yZSUyMiUyMHN0eWxlJTIwJTNEJTIwJTIydGV4dC1hbGlnbiUzQSUyMGNlbnRlciUyMiUzRSUwQSUzQ2ElMjBjbGFzcyUzRCUyMnRtLWJ1dHRvbiUyMHN0eWxlLTMlMjB0bS1idXR0b24tZGVmYXVsdCUyMHRtLWJ1dHRvbi1sZyUyMiUyMGhyZWYlM0QlMjIlMkZlbiUyRm5ld3MlMjIlM0UlMEElMjAlMjAlMjAlM0NzcGFuJTNFQWxsJTNDJTJGc3BhbiUzRSUwQSUzQyUyRmElM0UlMEElM0MlMkZkaXYlM0U=[\/vc_raw_html][\/vc_column][\/vc_row]","protected":false},"author":1,"featured_media":0,"parent":0,"menu_order":0,"comment_status":"closed","ping_status":"closed","template":"","meta":{"footnotes":""},"class_list":["post-1285","page","type-page","status-publish","hentry"],"yoast_head":"<!-- This site is optimized with the Yoast SEO plugin v27.3 - https:\/\/yoast.com\/product\/yoast-seo-wordpress\/ -->\n<title>Geomembranes and geosynthetics | Sotrafa<\/title>\n<meta name=\"description\" content=\"At Sotrafa we are experts in the manufacture of geomembranes and all types of geosynthetics.\" \/>\n<meta name=\"robots\" content=\"index, follow, max-snippet:-1, max-image-preview:large, max-video-preview:-1\" \/>\n<link rel=\"canonical\" href=\"https:\/\/sotrafageo.com\/en\/sotrafa\/\" \/>\n<meta property=\"og:locale\" content=\"en_US\" \/>\n<meta property=\"og:type\" content=\"article\" \/>\n<meta property=\"og:title\" content=\"Geomembranes and geosynthetics | Sotrafa\" \/>\n<meta property=\"og:description\" content=\"At Sotrafa we are experts in the manufacture of geomembranes and all types of geosynthetics.\" \/>\n<meta property=\"og:url\" content=\"https:\/\/sotrafageo.com\/en\/sotrafa\/\" \/>\n<meta property=\"og:site_name\" content=\"Geosint\u00e9ticos Sotrafa\" \/>\n<meta property=\"article:modified_time\" content=\"2024-02-29T12:44:48+00:00\" \/>\n<meta name=\"twitter:card\" content=\"summary_large_image\" \/>\n<meta name=\"twitter:label1\" content=\"Est. reading time\" \/>\n\t<meta name=\"twitter:data1\" content=\"2 minutes\" \/>\n<script type=\"application\/ld+json\" class=\"yoast-schema-graph\">{\"@context\":\"https:\\\/\\\/schema.org\",\"@graph\":[{\"@type\":\"WebPage\",\"@id\":\"https:\\\/\\\/sotrafageo.com\\\/en\\\/sotrafa\\\/\",\"url\":\"https:\\\/\\\/sotrafageo.com\\\/en\\\/sotrafa\\\/\",\"name\":\"Geomembranes and geosynthetics | Sotrafa\",\"isPartOf\":{\"@id\":\"https:\\\/\\\/sotrafageo.com\\\/#website\"},\"datePublished\":\"2019-07-16T07:59:32+00:00\",\"dateModified\":\"2024-02-29T12:44:48+00:00\",\"description\":\"At Sotrafa we are experts in the manufacture of geomembranes and all types of geosynthetics.\",\"breadcrumb\":{\"@id\":\"https:\\\/\\\/sotrafageo.com\\\/en\\\/sotrafa\\\/#breadcrumb\"},\"inLanguage\":\"en-US\",\"potentialAction\":[{\"@type\":\"ReadAction\",\"target\":[\"https:\\\/\\\/sotrafageo.com\\\/en\\\/sotrafa\\\/\"]}]},{\"@type\":\"BreadcrumbList\",\"@id\":\"https:\\\/\\\/sotrafageo.com\\\/en\\\/sotrafa\\\/#breadcrumb\",\"itemListElement\":[{\"@type\":\"ListItem\",\"position\":1,\"name\":\"Portada\",\"item\":\"https:\\\/\\\/sotrafageo.com\\\/en\\\/sotrafa\\\/\"},{\"@type\":\"ListItem\",\"position\":2,\"name\":\"Geomembranes and geosynthetics | Sotrafa\"}]},{\"@type\":\"WebSite\",\"@id\":\"https:\\\/\\\/sotrafageo.com\\\/#website\",\"url\":\"https:\\\/\\\/sotrafageo.com\\\/\",\"name\":\"Geosint\u00e9ticos Sotrafa\",\"description\":\"\",\"publisher\":{\"@id\":\"https:\\\/\\\/sotrafageo.com\\\/#organization\"},\"potentialAction\":[{\"@type\":\"SearchAction\",\"target\":{\"@type\":\"EntryPoint\",\"urlTemplate\":\"https:\\\/\\\/sotrafageo.com\\\/?s={search_term_string}\"},\"query-input\":{\"@type\":\"PropertyValueSpecification\",\"valueRequired\":true,\"valueName\":\"search_term_string\"}}],\"inLanguage\":\"en-US\"},{\"@type\":\"Organization\",\"@id\":\"https:\\\/\\\/sotrafageo.com\\\/#organization\",\"name\":\"Sotrafa Geomembranas\",\"url\":\"https:\\\/\\\/sotrafageo.com\\\/\",\"logo\":{\"@type\":\"ImageObject\",\"inLanguage\":\"en-US\",\"@id\":\"https:\\\/\\\/sotrafageo.com\\\/#\\\/schema\\\/logo\\\/image\\\/\",\"url\":\"https:\\\/\\\/sotrafageo.com\\\/wp-content\\\/uploads\\\/2020\\\/09\\\/new-sotrafa-geosintetico.png\",\"contentUrl\":\"https:\\\/\\\/sotrafageo.com\\\/wp-content\\\/uploads\\\/2020\\\/09\\\/new-sotrafa-geosintetico.png\",\"width\":210,\"height\":109,\"caption\":\"Sotrafa Geomembranas\"},\"image\":{\"@id\":\"https:\\\/\\\/sotrafageo.com\\\/#\\\/schema\\\/logo\\\/image\\\/\"}}]}<\/script>\n<!-- \/ Yoast SEO plugin. -->","yoast_head_json":{"title":"Geomembranes and geosynthetics | Sotrafa","description":"At Sotrafa we are experts in the manufacture of geomembranes and all types of geosynthetics.","robots":{"index":"index","follow":"follow","max-snippet":"max-snippet:-1","max-image-preview":"max-image-preview:large","max-video-preview":"max-video-preview:-1"},"canonical":"https:\/\/sotrafageo.com\/en\/sotrafa\/","og_locale":"en_US","og_type":"article","og_title":"Geomembranes and geosynthetics | Sotrafa","og_description":"At Sotrafa we are experts in the manufacture of geomembranes and all types of geosynthetics.","og_url":"https:\/\/sotrafageo.com\/en\/sotrafa\/","og_site_name":"Geosint\u00e9ticos Sotrafa","article_modified_time":"2024-02-29T12:44:48+00:00","twitter_card":"summary_large_image","twitter_misc":{"Est. reading time":"2 minutes"},"schema":{"@context":"https:\/\/schema.org","@graph":[{"@type":"WebPage","@id":"https:\/\/sotrafageo.com\/en\/sotrafa\/","url":"https:\/\/sotrafageo.com\/en\/sotrafa\/","name":"Geomembranes and geosynthetics | Sotrafa","isPartOf":{"@id":"https:\/\/sotrafageo.com\/#website"},"datePublished":"2019-07-16T07:59:32+00:00","dateModified":"2024-02-29T12:44:48+00:00","description":"At Sotrafa we are experts in the manufacture of geomembranes and all types of geosynthetics.","breadcrumb":{"@id":"https:\/\/sotrafageo.com\/en\/sotrafa\/#breadcrumb"},"inLanguage":"en-US","potentialAction":[{"@type":"ReadAction","target":["https:\/\/sotrafageo.com\/en\/sotrafa\/"]}]},{"@type":"BreadcrumbList","@id":"https:\/\/sotrafageo.com\/en\/sotrafa\/#breadcrumb","itemListElement":[{"@type":"ListItem","position":1,"name":"Portada","item":"https:\/\/sotrafageo.com\/en\/sotrafa\/"},{"@type":"ListItem","position":2,"name":"Geomembranes and geosynthetics | Sotrafa"}]},{"@type":"WebSite","@id":"https:\/\/sotrafageo.com\/#website","url":"https:\/\/sotrafageo.com\/","name":"Geosint\u00e9ticos Sotrafa","description":"","publisher":{"@id":"https:\/\/sotrafageo.com\/#organization"},"potentialAction":[{"@type":"SearchAction","target":{"@type":"EntryPoint","urlTemplate":"https:\/\/sotrafageo.com\/?s={search_term_string}"},"query-input":{"@type":"PropertyValueSpecification","valueRequired":true,"valueName":"search_term_string"}}],"inLanguage":"en-US"},{"@type":"Organization","@id":"https:\/\/sotrafageo.com\/#organization","name":"Sotrafa Geomembranas","url":"https:\/\/sotrafageo.com\/","logo":{"@type":"ImageObject","inLanguage":"en-US","@id":"https:\/\/sotrafageo.com\/#\/schema\/logo\/image\/","url":"https:\/\/sotrafageo.com\/wp-content\/uploads\/2020\/09\/new-sotrafa-geosintetico.png","contentUrl":"https:\/\/sotrafageo.com\/wp-content\/uploads\/2020\/09\/new-sotrafa-geosintetico.png","width":210,"height":109,"caption":"Sotrafa Geomembranas"},"image":{"@id":"https:\/\/sotrafageo.com\/#\/schema\/logo\/image\/"}}]}},"_links":{"self":[{"href":"https:\/\/sotrafageo.com\/en\/wp-json\/wp\/v2\/pages\/1285","targetHints":{"allow":["GET"]}}],"collection":[{"href":"https:\/\/sotrafageo.com\/en\/wp-json\/wp\/v2\/pages"}],"about":[{"href":"https:\/\/sotrafageo.com\/en\/wp-json\/wp\/v2\/types\/page"}],"author":[{"embeddable":true,"href":"https:\/\/sotrafageo.com\/en\/wp-json\/wp\/v2\/users\/1"}],"replies":[{"embeddable":true,"href":"https:\/\/sotrafageo.com\/en\/wp-json\/wp\/v2\/comments?post=1285"}],"version-history":[{"count":17,"href":"https:\/\/sotrafageo.com\/en\/wp-json\/wp\/v2\/pages\/1285\/revisions"}],"predecessor-version":[{"id":3309,"href":"https:\/\/sotrafageo.com\/en\/wp-json\/wp\/v2\/pages\/1285\/revisions\/3309"}],"wp:attachment":[{"href":"https:\/\/sotrafageo.com\/en\/wp-json\/wp\/v2\/media?parent=1285"}],"curies":[{"name":"wp","href":"https:\/\/api.w.org\/{rel}","templated":true}]}}